{"id":976,"date":"2021-05-30T18:08:08","date_gmt":"2021-05-30T18:08:08","guid":{"rendered":"http:\/\/ceambiental.com\/?page_id=976"},"modified":"2021-06-26T19:48:10","modified_gmt":"2021-06-26T19:48:10","slug":"sistemas-de-gestion","status":"publish","type":"page","link":"https:\/\/ceambiental.com\/index.php\/sistemas-de-gestion\/","title":{"rendered":"Sistemas de Gesti\u00f3n"},"content":{"rendered":"\t\t<div data-elementor-type=\"wp-page\" data-elementor-id=\"976\" class=\"elementor elementor-976\" data-elementor-settings=\"[]\">\n\t\t\t\t\t\t<div class=\"elementor-inner\">\n\t\t\t\t\t\t\t<div class=\"elementor-section-wrap\">\n\t\t\t\t\t\t\t<section class=\"elementor-section elementor-top-section elementor-element elementor-element-fdeb90b elementor-section-boxed elementor-section-height-default elementor-section-height-default\" data-id=\"fdeb90b\" data-element_type=\"section\">\n\t\t\t\t\t\t<div class=\"elementor-container elementor-column-gap-default\">\n\t\t\t\t\t\t\t<div class=\"elementor-row\">\n\t\t\t\t\t<div class=\"elementor-column elementor-col-100 elementor-top-column elementor-element elementor-element-4f6fec1\" data-id=\"4f6fec1\" data-element_type=\"column\">\n\t\t\t<div class=\"elementor-column-wrap elementor-element-populated\">\n\t\t\t\t\t\t\t<div class=\"elementor-widget-wrap\">\n\t\t\t\t\t\t<div class=\"elementor-element elementor-element-2a9dd4f elementor-widget elementor-widget-heading\" data-id=\"2a9dd4f\" data-element_type=\"widget\" data-widget_type=\"heading.default\">\n\t\t\t\t<div class=\"elementor-widget-container\">\n\t\t\t<h4 class=\"elementor-heading-title elementor-size-default\">SISTEMAS DE GESTION<\/h4>\t\t<\/div>\n\t\t\t\t<\/div>\n\t\t\t\t\t\t<\/div>\n\t\t\t\t\t<\/div>\n\t\t<\/div>\n\t\t\t\t\t\t\t\t<\/div>\n\t\t\t\t\t<\/div>\n\t\t<\/section>\n\t\t\t\t<section class=\"elementor-section elementor-top-section elementor-element elementor-element-51b663e elementor-section-content-middle elementor-reverse-mobile elementor-section-boxed elementor-section-height-default elementor-section-height-default\" data-id=\"51b663e\" data-element_type=\"section\">\n\t\t\t\t\t\t<div class=\"elementor-container elementor-column-gap-no\">\n\t\t\t\t\t\t\t<div class=\"elementor-row\">\n\t\t\t\t\t<div class=\"elementor-column elementor-col-50 elementor-top-column elementor-element elementor-element-20fd0331\" data-id=\"20fd0331\" data-element_type=\"column\">\n\t\t\t<div class=\"elementor-column-wrap elementor-element-populated\">\n\t\t\t\t\t\t\t<div class=\"elementor-widget-wrap\">\n\t\t\t\t\t\t<div class=\"elementor-element elementor-element-bdeeca8 elementor-widget elementor-widget-text-editor\" data-id=\"bdeeca8\" data-element_type=\"widget\" data-widget_type=\"text-editor.default\">\n\t\t\t\t<div class=\"elementor-widget-container\">\n\t\t\t\t\t<div class=\"elementor-text-editor elementor-clearfix\"><ul><li><strong>Taller de Auditores Interno ISO 14001<\/strong><\/li><li><strong>Introducci\u00f3n e interpretaci\u00f3n de la norma ISO 14001<\/strong><\/li><li><strong>Introducci\u00f3n e interpretaci\u00f3n de la norma ISO 9001<\/strong><\/li><li><strong>Introducci\u00f3n e interpretaci\u00f3n de la norma ISO 45001 sistemas de gesti\u00f3n de la seguridad y la salud en el trabajo<\/strong><\/li><li><strong>Metodolog\u00cda de las 5 S<\/strong><\/li><li><strong>Curso b\u00e1sico de autogesti\u00f3n STPS<\/strong><\/li><li><strong>Implementaci\u00f3n de programa de autogesti\u00f3n<\/strong><\/li><li><strong>Medio ambiente 3R<\/strong><\/li><\/ul><\/div>\n\t\t\t\t<\/div>\n\t\t\t\t<\/div>\n\t\t\t\t\t\t<\/div>\n\t\t\t\t\t<\/div>\n\t\t<\/div>\n\t\t\t\t<div class=\"elementor-column elementor-col-50 elementor-top-column elementor-element elementor-element-eeab32f\" data-id=\"eeab32f\" data-element_type=\"column\">\n\t\t\t<div class=\"elementor-column-wrap elementor-element-populated\">\n\t\t\t\t\t\t\t<div class=\"elementor-widget-wrap\">\n\t\t\t\t\t\t<div class=\"elementor-element elementor-element-7343c5c1 elementor-widget elementor-widget-image\" data-id=\"7343c5c1\" data-element_type=\"widget\" data-widget_type=\"image.default\">\n\t\t\t\t<div class=\"elementor-widget-container\">\n\t\t\t\t\t<div class=\"elementor-image\">\n\t\t\t\t\t\t\t\t\t\t<img loading=\"lazy\" decoding=\"async\" width=\"640\" height=\"440\" src=\"https:\/\/ceambiental.com\/wp-content\/uploads\/2021\/06\/science-in-hd-i4ABHj811N0-unsplash-2.jpg\" class=\"attachment-full size-full\" alt=\"\" srcset=\"https:\/\/ceambiental.com\/wp-content\/uploads\/2021\/06\/science-in-hd-i4ABHj811N0-unsplash-2.jpg 640w, https:\/\/ceambiental.com\/wp-content\/uploads\/2021\/06\/science-in-hd-i4ABHj811N0-unsplash-2-300x206.jpg 300w\" sizes=\"auto, (max-width: 640px) 100vw, 640px\" \/>\t\t\t\t\t\t\t\t\t\t\t<\/div>\n\t\t\t\t<\/div>\n\t\t\t\t<\/div>\n\t\t\t\t\t\t<\/div>\n\t\t\t\t\t<\/div>\n\t\t<\/div>\n\t\t\t\t\t\t\t\t<\/div>\n\t\t\t\t\t<\/div>\n\t\t<\/section>\n\t\t\t\t<section class=\"elementor-section elementor-top-section elementor-element elementor-element-33e7ad17 elementor-section-content-middle elementor-section-boxed elementor-section-height-default elementor-section-height-default\" data-id=\"33e7ad17\" data-element_type=\"section\">\n\t\t\t\t\t\t<div class=\"elementor-container elementor-column-gap-no\">\n\t\t\t\t\t\t\t<div class=\"elementor-row\">\n\t\t\t\t\t<div class=\"elementor-column elementor-col-50 elementor-top-column elementor-element elementor-element-3eee0326\" data-id=\"3eee0326\" data-element_type=\"column\">\n\t\t\t<div class=\"elementor-column-wrap elementor-element-populated\">\n\t\t\t\t\t\t\t<div class=\"elementor-widget-wrap\">\n\t\t\t\t\t\t<div class=\"elementor-element elementor-element-397a3587 elementor-widget elementor-widget-image\" data-id=\"397a3587\" data-element_type=\"widget\" data-widget_type=\"image.default\">\n\t\t\t\t<div class=\"elementor-widget-container\">\n\t\t\t\t\t<div class=\"elementor-image\">\n\t\t\t\t\t\t\t\t\t\t<img loading=\"lazy\" decoding=\"async\" width=\"640\" height=\"427\" src=\"https:\/\/ceambiental.com\/wp-content\/uploads\/2021\/06\/science-in-hd-ooNO0LlxZRM-unsplash.jpg\" class=\"attachment-full size-full\" alt=\"\" srcset=\"https:\/\/ceambiental.com\/wp-content\/uploads\/2021\/06\/science-in-hd-ooNO0LlxZRM-unsplash.jpg 640w, https:\/\/ceambiental.com\/wp-content\/uploads\/2021\/06\/science-in-hd-ooNO0LlxZRM-unsplash-300x200.jpg 300w\" sizes=\"auto, (max-width: 640px) 100vw, 640px\" \/>\t\t\t\t\t\t\t\t\t\t\t<\/div>\n\t\t\t\t<\/div>\n\t\t\t\t<\/div>\n\t\t\t\t\t\t<\/div>\n\t\t\t\t\t<\/div>\n\t\t<\/div>\n\t\t\t\t<div class=\"elementor-column elementor-col-50 elementor-top-column elementor-element elementor-element-2367eab\" data-id=\"2367eab\" data-element_type=\"column\">\n\t\t\t<div class=\"elementor-column-wrap elementor-element-populated\">\n\t\t\t\t\t\t\t<div class=\"elementor-widget-wrap\">\n\t\t\t\t\t\t<div class=\"elementor-element elementor-element-53966444 elementor-widget elementor-widget-text-editor\" data-id=\"53966444\" data-element_type=\"widget\" data-widget_type=\"text-editor.default\">\n\t\t\t\t<div class=\"elementor-widget-container\">\n\t\t\t\t\t<div class=\"elementor-text-editor elementor-clearfix\"><ul><li><strong>Concientizaci\u00f3n en seguridad patrimonial C- TPAT<\/strong><\/li><li><strong>Implementaci\u00f3n del sistema de administraci\u00f3n de responsabilidad integral\u00a0 SARI<\/strong><\/li><li><strong>Formaci\u00f3n de verificadores SARI<\/strong><\/li><li><strong>Liderazgo ambiental para la competitividad<\/strong><\/li><li><strong>Desarrollo humano<\/strong><\/li><li><strong>Identificaci\u00f3n de alternativas de mejora<\/strong><\/li><\/ul><\/div>\n\t\t\t\t<\/div>\n\t\t\t\t<\/div>\n\t\t\t\t\t\t<\/div>\n\t\t\t\t\t<\/div>\n\t\t<\/div>\n\t\t\t\t\t\t\t\t<\/div>\n\t\t\t\t\t<\/div>\n\t\t<\/section>\n\t\t\t\t\t\t<\/div>\n\t\t\t\t\t\t<\/div>\n\t\t\t\t\t<\/div>\n\t\t","protected":false},"excerpt":{"rendered":"<p>SISTEMAS DE GESTION Taller de Auditores Interno ISO 14001 Introducci\u00f3n e interpretaci\u00f3n de la norma ISO 14001 Introducci\u00f3n e interpretaci\u00f3n &hellip;<\/p>\n<p class=\"read-more\"> <a class=\"\" href=\"https:\/\/ceambiental.com\/index.php\/sistemas-de-gestion\/\"> <span class=\"screen-reader-text\">Sistemas de Gesti\u00f3n<\/span> Read More &raquo;<\/a><\/p>\n","protected":false},"author":1,"featured_media":0,"parent":0,"menu_order":0,"comment_status":"closed","ping_status":"closed","template":"","meta":{"footnotes":""},"class_list":["post-976","page","type-page","status-publish","hentry"],"_links":{"self":[{"href":"https:\/\/ceambiental.com\/index.php\/wp-json\/wp\/v2\/pages\/976","targetHints":{"allow":["GET"]}}],"collection":[{"href":"https:\/\/ceambiental.com\/index.php\/wp-json\/wp\/v2\/pages"}],"about":[{"href":"https:\/\/ceambiental.com\/index.php\/wp-json\/wp\/v2\/types\/page"}],"author":[{"embeddable":true,"href":"https:\/\/ceambiental.com\/index.php\/wp-json\/wp\/v2\/users\/1"}],"replies":[{"embeddable":true,"href":"https:\/\/ceambiental.com\/index.php\/wp-json\/wp\/v2\/comments?post=976"}],"version-history":[{"count":13,"href":"https:\/\/ceambiental.com\/index.php\/wp-json\/wp\/v2\/pages\/976\/revisions"}],"predecessor-version":[{"id":1352,"href":"https:\/\/ceambiental.com\/index.php\/wp-json\/wp\/v2\/pages\/976\/revisions\/1352"}],"wp:attachment":[{"href":"https:\/\/ceambiental.com\/index.php\/wp-json\/wp\/v2\/media?parent=976"}],"curies":[{"name":"wp","href":"https:\/\/api.w.org\/{rel}","templated":true}]}}