{"id":967,"date":"2021-05-30T18:06:21","date_gmt":"2021-05-30T18:06:21","guid":{"rendered":"http:\/\/ceambiental.com\/?page_id=967"},"modified":"2021-06-26T19:46:20","modified_gmt":"2021-06-26T19:46:20","slug":"transporte","status":"publish","type":"page","link":"https:\/\/ceambiental.com\/index.php\/transporte\/","title":{"rendered":"Transporte"},"content":{"rendered":"\t\t<div data-elementor-type=\"wp-page\" data-elementor-id=\"967\" class=\"elementor elementor-967\" data-elementor-settings=\"[]\">\n\t\t\t\t\t\t<div class=\"elementor-inner\">\n\t\t\t\t\t\t\t<div class=\"elementor-section-wrap\">\n\t\t\t\t\t\t\t<section class=\"elementor-section elementor-top-section elementor-element elementor-element-9657ac9 elementor-section-boxed elementor-section-height-default elementor-section-height-default\" data-id=\"9657ac9\" data-element_type=\"section\">\n\t\t\t\t\t\t<div class=\"elementor-container elementor-column-gap-default\">\n\t\t\t\t\t\t\t<div class=\"elementor-row\">\n\t\t\t\t\t<div class=\"elementor-column elementor-col-100 elementor-top-column elementor-element elementor-element-4e5ad22\" data-id=\"4e5ad22\" data-element_type=\"column\">\n\t\t\t<div class=\"elementor-column-wrap elementor-element-populated\">\n\t\t\t\t\t\t\t<div class=\"elementor-widget-wrap\">\n\t\t\t\t\t\t<div class=\"elementor-element elementor-element-046260e elementor-widget elementor-widget-heading\" data-id=\"046260e\" data-element_type=\"widget\" data-widget_type=\"heading.default\">\n\t\t\t\t<div class=\"elementor-widget-container\">\n\t\t\t<h4 class=\"elementor-heading-title elementor-size-default\">TRANSPORTE<\/h4>\t\t<\/div>\n\t\t\t\t<\/div>\n\t\t\t\t\t\t<\/div>\n\t\t\t\t\t<\/div>\n\t\t<\/div>\n\t\t\t\t\t\t\t\t<\/div>\n\t\t\t\t\t<\/div>\n\t\t<\/section>\n\t\t\t\t<section class=\"elementor-section elementor-top-section elementor-element elementor-element-16218218 elementor-section-content-middle elementor-section-boxed elementor-section-height-default elementor-section-height-default\" data-id=\"16218218\" data-element_type=\"section\">\n\t\t\t\t\t\t<div class=\"elementor-container elementor-column-gap-no\">\n\t\t\t\t\t\t\t<div class=\"elementor-row\">\n\t\t\t\t\t<div class=\"elementor-column elementor-col-50 elementor-top-column elementor-element elementor-element-2176b174\" data-id=\"2176b174\" data-element_type=\"column\">\n\t\t\t<div class=\"elementor-column-wrap elementor-element-populated\">\n\t\t\t\t\t\t\t<div class=\"elementor-widget-wrap\">\n\t\t\t\t\t\t<div class=\"elementor-element elementor-element-27413407 elementor-widget elementor-widget-image\" data-id=\"27413407\" data-element_type=\"widget\" data-widget_type=\"image.default\">\n\t\t\t\t<div class=\"elementor-widget-container\">\n\t\t\t\t\t<div class=\"elementor-image\">\n\t\t\t\t\t\t\t\t\t\t<img loading=\"lazy\" decoding=\"async\" width=\"640\" height=\"426\" src=\"https:\/\/ceambiental.com\/wp-content\/uploads\/2021\/06\/marcin-jozwiak-7XCUuqID4iI-unsplash.jpg\" class=\"attachment-full size-full\" alt=\"\" srcset=\"https:\/\/ceambiental.com\/wp-content\/uploads\/2021\/06\/marcin-jozwiak-7XCUuqID4iI-unsplash.jpg 640w, https:\/\/ceambiental.com\/wp-content\/uploads\/2021\/06\/marcin-jozwiak-7XCUuqID4iI-unsplash-300x200.jpg 300w\" sizes=\"auto, (max-width: 640px) 100vw, 640px\" \/>\t\t\t\t\t\t\t\t\t\t\t<\/div>\n\t\t\t\t<\/div>\n\t\t\t\t<\/div>\n\t\t\t\t\t\t<\/div>\n\t\t\t\t\t<\/div>\n\t\t<\/div>\n\t\t\t\t<div class=\"elementor-column elementor-col-50 elementor-top-column elementor-element elementor-element-25fd8969\" data-id=\"25fd8969\" data-element_type=\"column\">\n\t\t\t<div class=\"elementor-column-wrap elementor-element-populated\">\n\t\t\t\t\t\t\t<div class=\"elementor-widget-wrap\">\n\t\t\t\t\t\t<div class=\"elementor-element elementor-element-5299e8a0 elementor-widget elementor-widget-text-editor\" data-id=\"5299e8a0\" data-element_type=\"widget\" data-widget_type=\"text-editor.default\">\n\t\t\t\t<div class=\"elementor-widget-container\">\n\t\t\t\t\t<div class=\"elementor-text-editor elementor-clearfix\"><ul><li><strong>Marco normativo jur\u00eddico del autotransporte de carga<\/strong><\/li><li><strong>Manejo defensivo<\/strong><\/li><li><strong>Inspecci\u00f3n ocular diaria de la unidad NOM-006 SCT<\/strong><\/li><li><strong>Hoja de servicio del operador NOM 087 SCT<\/strong><\/li><li><strong>Uso del libro de gu\u00eda de respuesta a emergencias<\/strong><\/li><li><strong>Aplicaci\u00f3n de la NOM-012-SCT<\/strong><\/li><li><strong>Aplicaci\u00f3n de la NOM-068-SCT<\/strong><\/li><li><strong>Educaci\u00f3n vial y manejo defensivo<\/strong><\/li><li><strong>Legislaci\u00f3n, regulaci\u00f3n y normatividad del autotransporte federal aplicable a los materiales y residuos peligrosos<\/strong><\/li><li><strong>Sistema de indentificaci\u00f3n de envases, embalajes y unidades vehiculares y de sustancias, materiales y residuos peligrosos<\/strong><\/li><\/ul><\/div>\n\t\t\t\t<\/div>\n\t\t\t\t<\/div>\n\t\t\t\t\t\t<\/div>\n\t\t\t\t\t<\/div>\n\t\t<\/div>\n\t\t\t\t\t\t\t\t<\/div>\n\t\t\t\t\t<\/div>\n\t\t<\/section>\n\t\t\t\t<section class=\"elementor-section elementor-top-section elementor-element elementor-element-59545526 elementor-section-content-middle elementor-reverse-mobile elementor-section-boxed elementor-section-height-default elementor-section-height-default\" data-id=\"59545526\" data-element_type=\"section\">\n\t\t\t\t\t\t<div class=\"elementor-container elementor-column-gap-no\">\n\t\t\t\t\t\t\t<div class=\"elementor-row\">\n\t\t\t\t\t<div class=\"elementor-column elementor-col-50 elementor-top-column elementor-element elementor-element-35af54a9\" data-id=\"35af54a9\" data-element_type=\"column\">\n\t\t\t<div class=\"elementor-column-wrap elementor-element-populated\">\n\t\t\t\t\t\t\t<div class=\"elementor-widget-wrap\">\n\t\t\t\t\t\t<div class=\"elementor-element elementor-element-6db75c75 elementor-widget elementor-widget-text-editor\" data-id=\"6db75c75\" data-element_type=\"widget\" data-widget_type=\"text-editor.default\">\n\t\t\t\t<div class=\"elementor-widget-container\">\n\t\t\t\t\t<div class=\"elementor-text-editor elementor-clearfix\"><ul><li><strong>Sistema de indentificaci\u00f3n de envases, embalajes y unidades vehiculares y de sustancias, materiales y residuos peligrosos<\/strong><\/li><li><strong>Documentaci\u00f3n obligatoria en transporte, bit\u00e1coras de inspecci\u00f3n ocular diaria de las unidades y horas de servicio del conductor<\/strong><\/li><li><strong>Consideraciones de seguridad para el transporte de sustancias, materiales y residuos peligrosos en carga combinada<\/strong><\/li><li><strong>Medidas de seguridad, conducci\u00f3n y tr\u00e1nsito de veh\u00edculos especializados<\/strong><\/li><\/ul><\/div>\n\t\t\t\t<\/div>\n\t\t\t\t<\/div>\n\t\t\t\t\t\t<\/div>\n\t\t\t\t\t<\/div>\n\t\t<\/div>\n\t\t\t\t<div class=\"elementor-column elementor-col-50 elementor-top-column elementor-element elementor-element-28823abc\" data-id=\"28823abc\" data-element_type=\"column\">\n\t\t\t<div class=\"elementor-column-wrap elementor-element-populated\">\n\t\t\t\t\t\t\t<div class=\"elementor-widget-wrap\">\n\t\t\t\t\t\t<div class=\"elementor-element elementor-element-1ccf111a elementor-widget elementor-widget-image\" data-id=\"1ccf111a\" data-element_type=\"widget\" data-widget_type=\"image.default\">\n\t\t\t\t<div class=\"elementor-widget-container\">\n\t\t\t\t\t<div class=\"elementor-image\">\n\t\t\t\t\t\t\t\t\t\t<img loading=\"lazy\" decoding=\"async\" width=\"640\" height=\"426\" src=\"https:\/\/ceambiental.com\/wp-content\/uploads\/2021\/06\/marcin-jozwiak-oh0DITWoHi4-unsplash.jpg\" class=\"attachment-full size-full\" alt=\"\" srcset=\"https:\/\/ceambiental.com\/wp-content\/uploads\/2021\/06\/marcin-jozwiak-oh0DITWoHi4-unsplash.jpg 640w, https:\/\/ceambiental.com\/wp-content\/uploads\/2021\/06\/marcin-jozwiak-oh0DITWoHi4-unsplash-300x200.jpg 300w\" sizes=\"auto, (max-width: 640px) 100vw, 640px\" \/>\t\t\t\t\t\t\t\t\t\t\t<\/div>\n\t\t\t\t<\/div>\n\t\t\t\t<\/div>\n\t\t\t\t\t\t<\/div>\n\t\t\t\t\t<\/div>\n\t\t<\/div>\n\t\t\t\t\t\t\t\t<\/div>\n\t\t\t\t\t<\/div>\n\t\t<\/section>\n\t\t\t\t<section class=\"elementor-section elementor-top-section elementor-element elementor-element-49722ff2 elementor-section-content-middle elementor-section-boxed elementor-section-height-default elementor-section-height-default\" data-id=\"49722ff2\" data-element_type=\"section\">\n\t\t\t\t\t\t<div class=\"elementor-container elementor-column-gap-no\">\n\t\t\t\t\t\t\t<div class=\"elementor-row\">\n\t\t\t\t\t<div class=\"elementor-column elementor-col-50 elementor-top-column elementor-element elementor-element-63a70a82\" data-id=\"63a70a82\" data-element_type=\"column\">\n\t\t\t<div class=\"elementor-column-wrap elementor-element-populated\">\n\t\t\t\t\t\t\t<div class=\"elementor-widget-wrap\">\n\t\t\t\t\t\t<div class=\"elementor-element elementor-element-5fcbe202 elementor-widget elementor-widget-image\" data-id=\"5fcbe202\" data-element_type=\"widget\" data-widget_type=\"image.default\">\n\t\t\t\t<div class=\"elementor-widget-container\">\n\t\t\t\t\t<div class=\"elementor-image\">\n\t\t\t\t\t\t\t\t\t\t<img loading=\"lazy\" decoding=\"async\" width=\"640\" height=\"426\" src=\"https:\/\/ceambiental.com\/wp-content\/uploads\/2021\/06\/zetong-li-mVqTumQH-c0-unsplash.jpg\" class=\"attachment-full size-full\" alt=\"\" srcset=\"https:\/\/ceambiental.com\/wp-content\/uploads\/2021\/06\/zetong-li-mVqTumQH-c0-unsplash.jpg 640w, https:\/\/ceambiental.com\/wp-content\/uploads\/2021\/06\/zetong-li-mVqTumQH-c0-unsplash-300x200.jpg 300w\" sizes=\"auto, (max-width: 640px) 100vw, 640px\" \/>\t\t\t\t\t\t\t\t\t\t\t<\/div>\n\t\t\t\t<\/div>\n\t\t\t\t<\/div>\n\t\t\t\t\t\t<\/div>\n\t\t\t\t\t<\/div>\n\t\t<\/div>\n\t\t\t\t<div class=\"elementor-column elementor-col-50 elementor-top-column elementor-element elementor-element-65bd2223\" data-id=\"65bd2223\" data-element_type=\"column\">\n\t\t\t<div class=\"elementor-column-wrap elementor-element-populated\">\n\t\t\t\t\t\t\t<div class=\"elementor-widget-wrap\">\n\t\t\t\t\t\t<div class=\"elementor-element elementor-element-101db7cf elementor-widget elementor-widget-text-editor\" data-id=\"101db7cf\" data-element_type=\"widget\" data-widget_type=\"text-editor.default\">\n\t\t\t\t<div class=\"elementor-widget-container\">\n\t\t\t\t\t<div class=\"elementor-text-editor elementor-clearfix\"><ul><li><strong>Clasificaci\u00f3n de las sustancias y residuos peligrosos<\/strong><\/li><li><strong>Manejo de crisis<\/strong><\/li><li><strong>Legislaci\u00f3n, regulaci\u00f3n y normatividad del autotransporte federal aplicable a los materiales y residuos peligrosos clasificacion de las sustancias y residuos peligrosos<\/strong><\/li><li><strong>Designaci\u00f3n oficial del transporte<\/strong><\/li><li><strong>Sistema de identificaci\u00f3n de envases, ambalajes y unidades vehiculares y de sustancias, materiales y residuos peligrosos<\/strong><\/li><li><strong>Primeras acciones en caso de emergencia<\/strong><\/li><\/ul><\/div>\n\t\t\t\t<\/div>\n\t\t\t\t<\/div>\n\t\t\t\t\t\t<\/div>\n\t\t\t\t\t<\/div>\n\t\t<\/div>\n\t\t\t\t\t\t\t\t<\/div>\n\t\t\t\t\t<\/div>\n\t\t<\/section>\n\t\t\t\t<section class=\"elementor-section elementor-top-section elementor-element elementor-element-b95a345 elementor-section-content-middle elementor-reverse-mobile elementor-section-boxed elementor-section-height-default elementor-section-height-default\" data-id=\"b95a345\" data-element_type=\"section\">\n\t\t\t\t\t\t<div class=\"elementor-container elementor-column-gap-no\">\n\t\t\t\t\t\t\t<div class=\"elementor-row\">\n\t\t\t\t\t<div class=\"elementor-column elementor-col-50 elementor-top-column elementor-element elementor-element-1430d15\" data-id=\"1430d15\" data-element_type=\"column\">\n\t\t\t<div class=\"elementor-column-wrap elementor-element-populated\">\n\t\t\t\t\t\t\t<div class=\"elementor-widget-wrap\">\n\t\t\t\t\t\t<div class=\"elementor-element elementor-element-28704c4 elementor-widget elementor-widget-text-editor\" data-id=\"28704c4\" data-element_type=\"widget\" data-widget_type=\"text-editor.default\">\n\t\t\t\t<div class=\"elementor-widget-container\">\n\t\t\t\t\t<div class=\"elementor-text-editor elementor-clearfix\"><ul><li><strong>Seguridad en el transporte internacional de mercancias peligrosas<\/strong><\/li><li><strong>Introducci\u00f3n al autotransporte<\/strong><\/li><li><strong>Cultura profesional del conductor<\/strong><\/li><li><strong>Prevenci\u00f3n de accidentes, educacion y salud emocional<\/strong><\/li><li><strong>Marco normativo SCT<\/strong><\/li><li><strong>Educacion y salud emocional<\/strong><\/li><li><strong>Enfermedades mas comunes del conductor<\/strong><\/li><li><strong>Cultura de servicio<\/strong><\/li><li><strong>Educaci\u00f3n y seguridad vial<\/strong><\/li><li><strong>Alcohol y drogas<\/strong><\/li><li><strong>Manejo y atencion de emergencias con materiales peligrosos<\/strong><\/li><\/ul><\/div>\n\t\t\t\t<\/div>\n\t\t\t\t<\/div>\n\t\t\t\t\t\t<\/div>\n\t\t\t\t\t<\/div>\n\t\t<\/div>\n\t\t\t\t<div class=\"elementor-column elementor-col-50 elementor-top-column elementor-element elementor-element-603c5ce\" data-id=\"603c5ce\" data-element_type=\"column\">\n\t\t\t<div class=\"elementor-column-wrap elementor-element-populated\">\n\t\t\t\t\t\t\t<div class=\"elementor-widget-wrap\">\n\t\t\t\t\t\t<div class=\"elementor-element elementor-element-fe45c97 elementor-widget elementor-widget-image\" data-id=\"fe45c97\" data-element_type=\"widget\" data-widget_type=\"image.default\">\n\t\t\t\t<div class=\"elementor-widget-container\">\n\t\t\t\t\t<div class=\"elementor-image\">\n\t\t\t\t\t\t\t\t\t\t<img loading=\"lazy\" decoding=\"async\" width=\"640\" height=\"360\" src=\"https:\/\/ceambiental.com\/wp-content\/uploads\/2021\/06\/antonino-visalli-tHYqG-huyGg-unsplash.jpg\" class=\"attachment-full size-full\" alt=\"\" srcset=\"https:\/\/ceambiental.com\/wp-content\/uploads\/2021\/06\/antonino-visalli-tHYqG-huyGg-unsplash.jpg 640w, https:\/\/ceambiental.com\/wp-content\/uploads\/2021\/06\/antonino-visalli-tHYqG-huyGg-unsplash-300x169.jpg 300w\" sizes=\"auto, (max-width: 640px) 100vw, 640px\" \/>\t\t\t\t\t\t\t\t\t\t\t<\/div>\n\t\t\t\t<\/div>\n\t\t\t\t<\/div>\n\t\t\t\t\t\t<\/div>\n\t\t\t\t\t<\/div>\n\t\t<\/div>\n\t\t\t\t\t\t\t\t<\/div>\n\t\t\t\t\t<\/div>\n\t\t<\/section>\n\t\t\t\t<section class=\"elementor-section elementor-top-section elementor-element elementor-element-573bd84 elementor-section-content-middle elementor-section-boxed elementor-section-height-default elementor-section-height-default\" data-id=\"573bd84\" data-element_type=\"section\">\n\t\t\t\t\t\t<div class=\"elementor-container elementor-column-gap-no\">\n\t\t\t\t\t\t\t<div class=\"elementor-row\">\n\t\t\t\t\t<div class=\"elementor-column elementor-col-50 elementor-top-column elementor-element elementor-element-c6fd46c\" data-id=\"c6fd46c\" data-element_type=\"column\">\n\t\t\t<div class=\"elementor-column-wrap elementor-element-populated\">\n\t\t\t\t\t\t\t<div class=\"elementor-widget-wrap\">\n\t\t\t\t\t\t<div class=\"elementor-element elementor-element-9b78c7e elementor-widget elementor-widget-image\" data-id=\"9b78c7e\" data-element_type=\"widget\" data-widget_type=\"image.default\">\n\t\t\t\t<div class=\"elementor-widget-container\">\n\t\t\t\t\t<div class=\"elementor-image\">\n\t\t\t\t\t\t\t\t\t\t<img loading=\"lazy\" decoding=\"async\" width=\"640\" height=\"480\" src=\"https:\/\/ceambiental.com\/wp-content\/uploads\/2021\/06\/ed-259-xcrI6CPkkJs-unsplash.jpg\" class=\"attachment-full size-full\" alt=\"\" srcset=\"https:\/\/ceambiental.com\/wp-content\/uploads\/2021\/06\/ed-259-xcrI6CPkkJs-unsplash.jpg 640w, https:\/\/ceambiental.com\/wp-content\/uploads\/2021\/06\/ed-259-xcrI6CPkkJs-unsplash-300x225.jpg 300w\" sizes=\"auto, (max-width: 640px) 100vw, 640px\" \/>\t\t\t\t\t\t\t\t\t\t\t<\/div>\n\t\t\t\t<\/div>\n\t\t\t\t<\/div>\n\t\t\t\t\t\t<\/div>\n\t\t\t\t\t<\/div>\n\t\t<\/div>\n\t\t\t\t<div class=\"elementor-column elementor-col-50 elementor-top-column elementor-element elementor-element-f166b4d\" data-id=\"f166b4d\" data-element_type=\"column\">\n\t\t\t<div class=\"elementor-column-wrap elementor-element-populated\">\n\t\t\t\t\t\t\t<div class=\"elementor-widget-wrap\">\n\t\t\t\t\t\t<div class=\"elementor-element elementor-element-da1d72e elementor-widget elementor-widget-text-editor\" data-id=\"da1d72e\" data-element_type=\"widget\" data-widget_type=\"text-editor.default\">\n\t\t\t\t<div class=\"elementor-widget-container\">\n\t\t\t\t\t<div class=\"elementor-text-editor elementor-clearfix\"><ul><li><strong>Fugas de sustancias qu\u00edmicas en transporte<\/strong><\/li><li><strong>Investigaci\u00f3n de accidentes y sus consecuencias legales<\/strong><\/li><li><strong>identificaci\u00f3n de sustancias qu\u00edmicas peligrosas y que hacer en caso de derrame<\/strong><\/li><li><strong>Horas de manejo del operador en estados unidos<\/strong><\/li><li><strong>Regulaci\u00f3n y seguridad en el transporte terrestre de materiales y residuos peligrosos<\/strong><\/li><li><strong>Cruce fronterizo de materiales peligrosos<\/strong><\/li><li><strong>Administraci\u00f3n de la fatiga<\/strong><\/li><\/ul><\/div>\n\t\t\t\t<\/div>\n\t\t\t\t<\/div>\n\t\t\t\t\t\t<\/div>\n\t\t\t\t\t<\/div>\n\t\t<\/div>\n\t\t\t\t\t\t\t\t<\/div>\n\t\t\t\t\t<\/div>\n\t\t<\/section>\n\t\t\t\t\t\t<\/div>\n\t\t\t\t\t\t<\/div>\n\t\t\t\t\t<\/div>\n\t\t","protected":false},"excerpt":{"rendered":"<p>TRANSPORTE Marco normativo jur\u00eddico del autotransporte de carga Manejo defensivo Inspecci\u00f3n ocular diaria de la unidad NOM-006 SCT Hoja de &hellip;<\/p>\n<p class=\"read-more\"> <a class=\"\" href=\"https:\/\/ceambiental.com\/index.php\/transporte\/\"> <span class=\"screen-reader-text\">Transporte<\/span> Read More &raquo;<\/a><\/p>\n","protected":false},"author":1,"featured_media":0,"parent":0,"menu_order":0,"comment_status":"closed","ping_status":"closed","template":"","meta":{"footnotes":""},"class_list":["post-967","page","type-page","status-publish","hentry"],"_links":{"self":[{"href":"https:\/\/ceambiental.com\/index.php\/wp-json\/wp\/v2\/pages\/967","targetHints":{"allow":["GET"]}}],"collection":[{"href":"https:\/\/ceambiental.com\/index.php\/wp-json\/wp\/v2\/pages"}],"about":[{"href":"https:\/\/ceambiental.com\/index.php\/wp-json\/wp\/v2\/types\/page"}],"author":[{"embeddable":true,"href":"https:\/\/ceambiental.com\/index.php\/wp-json\/wp\/v2\/users\/1"}],"replies":[{"embeddable":true,"href":"https:\/\/ceambiental.com\/index.php\/wp-json\/wp\/v2\/comments?post=967"}],"version-history":[{"count":16,"href":"https:\/\/ceambiental.com\/index.php\/wp-json\/wp\/v2\/pages\/967\/revisions"}],"predecessor-version":[{"id":1343,"href":"https:\/\/ceambiental.com\/index.php\/wp-json\/wp\/v2\/pages\/967\/revisions\/1343"}],"wp:attachment":[{"href":"https:\/\/ceambiental.com\/index.php\/wp-json\/wp\/v2\/media?parent=967"}],"curies":[{"name":"wp","href":"https:\/\/api.w.org\/{rel}","templated":true}]}}