{"id":964,"date":"2021-05-30T18:05:29","date_gmt":"2021-05-30T18:05:29","guid":{"rendered":"http:\/\/ceambiental.com\/?page_id=964"},"modified":"2021-06-26T19:43:30","modified_gmt":"2021-06-26T19:43:30","slug":"energia-y-sustentabilidad","status":"publish","type":"page","link":"https:\/\/ceambiental.com\/index.php\/energia-y-sustentabilidad\/","title":{"rendered":"Energ\u00eda y Sustentabilidad"},"content":{"rendered":"\t\t<div data-elementor-type=\"wp-page\" data-elementor-id=\"964\" class=\"elementor elementor-964\" data-elementor-settings=\"[]\">\n\t\t\t\t\t\t<div class=\"elementor-inner\">\n\t\t\t\t\t\t\t<div class=\"elementor-section-wrap\">\n\t\t\t\t\t\t\t<section class=\"elementor-section elementor-top-section elementor-element elementor-element-6acad21 elementor-section-boxed elementor-section-height-default elementor-section-height-default\" data-id=\"6acad21\" data-element_type=\"section\">\n\t\t\t\t\t\t<div class=\"elementor-container elementor-column-gap-default\">\n\t\t\t\t\t\t\t<div class=\"elementor-row\">\n\t\t\t\t\t<div class=\"elementor-column elementor-col-100 elementor-top-column elementor-element elementor-element-a834dbb\" data-id=\"a834dbb\" data-element_type=\"column\">\n\t\t\t<div class=\"elementor-column-wrap elementor-element-populated\">\n\t\t\t\t\t\t\t<div class=\"elementor-widget-wrap\">\n\t\t\t\t\t\t<div class=\"elementor-element elementor-element-487653f elementor-widget elementor-widget-heading\" data-id=\"487653f\" data-element_type=\"widget\" data-widget_type=\"heading.default\">\n\t\t\t\t<div class=\"elementor-widget-container\">\n\t\t\t<h4 class=\"elementor-heading-title elementor-size-default\">ENERGIA Y SUSTENTABILIDAD<\/h4>\t\t<\/div>\n\t\t\t\t<\/div>\n\t\t\t\t\t\t<\/div>\n\t\t\t\t\t<\/div>\n\t\t<\/div>\n\t\t\t\t\t\t\t\t<\/div>\n\t\t\t\t\t<\/div>\n\t\t<\/section>\n\t\t\t\t<section class=\"elementor-section elementor-top-section elementor-element elementor-element-517c912d elementor-section-content-middle elementor-section-boxed elementor-section-height-default elementor-section-height-default\" data-id=\"517c912d\" data-element_type=\"section\">\n\t\t\t\t\t\t<div class=\"elementor-container elementor-column-gap-no\">\n\t\t\t\t\t\t\t<div class=\"elementor-row\">\n\t\t\t\t\t<div class=\"elementor-column elementor-col-50 elementor-top-column elementor-element elementor-element-6dfdb8e7\" data-id=\"6dfdb8e7\" data-element_type=\"column\">\n\t\t\t<div class=\"elementor-column-wrap elementor-element-populated\">\n\t\t\t\t\t\t\t<div class=\"elementor-widget-wrap\">\n\t\t\t\t\t\t<div class=\"elementor-element elementor-element-1ae609b9 elementor-widget elementor-widget-image\" data-id=\"1ae609b9\" data-element_type=\"widget\" data-widget_type=\"image.default\">\n\t\t\t\t<div class=\"elementor-widget-container\">\n\t\t\t\t\t<div class=\"elementor-image\">\n\t\t\t\t\t\t\t\t\t\t<img loading=\"lazy\" decoding=\"async\" width=\"640\" height=\"480\" src=\"https:\/\/ceambiental.com\/wp-content\/uploads\/2021\/06\/andreas-gucklhorn-Ilpf2eUPpUE-unsplash-3.jpg\" class=\"attachment-full size-full\" alt=\"\" srcset=\"https:\/\/ceambiental.com\/wp-content\/uploads\/2021\/06\/andreas-gucklhorn-Ilpf2eUPpUE-unsplash-3.jpg 640w, https:\/\/ceambiental.com\/wp-content\/uploads\/2021\/06\/andreas-gucklhorn-Ilpf2eUPpUE-unsplash-3-300x225.jpg 300w\" sizes=\"auto, (max-width: 640px) 100vw, 640px\" \/>\t\t\t\t\t\t\t\t\t\t\t<\/div>\n\t\t\t\t<\/div>\n\t\t\t\t<\/div>\n\t\t\t\t\t\t<\/div>\n\t\t\t\t\t<\/div>\n\t\t<\/div>\n\t\t\t\t<div class=\"elementor-column elementor-col-50 elementor-top-column elementor-element elementor-element-575a90f9\" data-id=\"575a90f9\" data-element_type=\"column\">\n\t\t\t<div class=\"elementor-column-wrap elementor-element-populated\">\n\t\t\t\t\t\t\t<div class=\"elementor-widget-wrap\">\n\t\t\t\t\t\t<div class=\"elementor-element elementor-element-2e9598c4 elementor-widget elementor-widget-text-editor\" data-id=\"2e9598c4\" data-element_type=\"widget\" data-widget_type=\"text-editor.default\">\n\t\t\t\t<div class=\"elementor-widget-container\">\n\t\t\t\t\t<div class=\"elementor-text-editor elementor-clearfix\"><ul><li><strong>Energ\u00eda renovable<\/strong><\/li><li><strong>Cambio clim\u00e1tico<\/strong><\/li><li><strong>Taller calentamiento global y gases efeceto invernadero<\/strong><\/li><li><strong>Biocombustibles<\/strong><\/li><li><strong>Responsabilidad social<\/strong><\/li><li><strong>Biotecnolog\u00eda<\/strong><\/li><li><strong>Bioenerg\u00eda<\/strong><\/li><li><strong>Proyectos de sustentabilidad<\/strong><\/li><li><strong>Energias limpias<\/strong><\/li><li><strong>Energia fotovolt\u00e1ica<\/strong><\/li><\/ul><\/div>\n\t\t\t\t<\/div>\n\t\t\t\t<\/div>\n\t\t\t\t\t\t<\/div>\n\t\t\t\t\t<\/div>\n\t\t<\/div>\n\t\t\t\t\t\t\t\t<\/div>\n\t\t\t\t\t<\/div>\n\t\t<\/section>\n\t\t\t\t<section class=\"elementor-section elementor-top-section elementor-element elementor-element-4aab892b elementor-section-content-middle elementor-reverse-mobile elementor-section-boxed elementor-section-height-default elementor-section-height-default\" data-id=\"4aab892b\" data-element_type=\"section\">\n\t\t\t\t\t\t<div class=\"elementor-container elementor-column-gap-no\">\n\t\t\t\t\t\t\t<div class=\"elementor-row\">\n\t\t\t\t\t<div class=\"elementor-column elementor-col-50 elementor-top-column elementor-element elementor-element-58de3995\" data-id=\"58de3995\" data-element_type=\"column\">\n\t\t\t<div class=\"elementor-column-wrap elementor-element-populated\">\n\t\t\t\t\t\t\t<div class=\"elementor-widget-wrap\">\n\t\t\t\t\t\t<div class=\"elementor-element elementor-element-5f5aa4bf elementor-widget elementor-widget-text-editor\" data-id=\"5f5aa4bf\" data-element_type=\"widget\" data-widget_type=\"text-editor.default\">\n\t\t\t\t<div class=\"elementor-widget-container\">\n\t\t\t\t\t<div class=\"elementor-text-editor elementor-clearfix\"><ul><li><strong>Energ\u00eda nuclear<\/strong><\/li><li><strong>Energ\u00eda de materia org\u00e1nica<\/strong><\/li><li><strong>Energ\u00eda e\u00f3lica<\/strong><\/li><li><strong>Fuentes de energ\u00eda<\/strong><\/li><li><strong>Factores clim\u00e1ticos<\/strong><\/li><li><strong>Buenas pr\u00e1cticas de manufactura<\/strong><\/li><li><strong>Ecoeficiencia y herramientas<\/strong><\/li><li><strong>Costo de ineficiencia<\/strong><\/li><li><strong>Identificaci\u00f3n de alternativas de mejora<\/strong><\/li><\/ul><\/div>\n\t\t\t\t<\/div>\n\t\t\t\t<\/div>\n\t\t\t\t\t\t<\/div>\n\t\t\t\t\t<\/div>\n\t\t<\/div>\n\t\t\t\t<div class=\"elementor-column elementor-col-50 elementor-top-column elementor-element elementor-element-4fe6013e\" data-id=\"4fe6013e\" data-element_type=\"column\">\n\t\t\t<div class=\"elementor-column-wrap elementor-element-populated\">\n\t\t\t\t\t\t\t<div class=\"elementor-widget-wrap\">\n\t\t\t\t\t\t<div class=\"elementor-element elementor-element-7aa7301c elementor-widget elementor-widget-image\" data-id=\"7aa7301c\" data-element_type=\"widget\" data-widget_type=\"image.default\">\n\t\t\t\t<div class=\"elementor-widget-container\">\n\t\t\t\t\t<div class=\"elementor-image\">\n\t\t\t\t\t\t\t\t\t\t<img loading=\"lazy\" decoding=\"async\" width=\"640\" height=\"360\" src=\"https:\/\/ceambiental.com\/wp-content\/uploads\/2021\/06\/pedro-henrique-santos-jSjsgkZtJGE-unsplash.jpg\" class=\"attachment-full size-full\" alt=\"\" srcset=\"https:\/\/ceambiental.com\/wp-content\/uploads\/2021\/06\/pedro-henrique-santos-jSjsgkZtJGE-unsplash.jpg 640w, https:\/\/ceambiental.com\/wp-content\/uploads\/2021\/06\/pedro-henrique-santos-jSjsgkZtJGE-unsplash-300x169.jpg 300w\" sizes=\"auto, (max-width: 640px) 100vw, 640px\" \/>\t\t\t\t\t\t\t\t\t\t\t<\/div>\n\t\t\t\t<\/div>\n\t\t\t\t<\/div>\n\t\t\t\t\t\t<\/div>\n\t\t\t\t\t<\/div>\n\t\t<\/div>\n\t\t\t\t\t\t\t\t<\/div>\n\t\t\t\t\t<\/div>\n\t\t<\/section>\n\t\t\t\t\t\t<\/div>\n\t\t\t\t\t\t<\/div>\n\t\t\t\t\t<\/div>\n\t\t","protected":false},"excerpt":{"rendered":"<p>ENERGIA Y SUSTENTABILIDAD Energ\u00eda renovable Cambio clim\u00e1tico Taller calentamiento global y gases efeceto invernadero Biocombustibles Responsabilidad social Biotecnolog\u00eda Bioenerg\u00eda Proyectos &hellip;<\/p>\n<p class=\"read-more\"> <a class=\"\" href=\"https:\/\/ceambiental.com\/index.php\/energia-y-sustentabilidad\/\"> <span class=\"screen-reader-text\">Energ\u00eda y Sustentabilidad<\/span> Read More &raquo;<\/a><\/p>\n","protected":false},"author":1,"featured_media":0,"parent":0,"menu_order":0,"comment_status":"closed","ping_status":"closed","template":"","meta":{"footnotes":""},"class_list":["post-964","page","type-page","status-publish","hentry"],"_links":{"self":[{"href":"https:\/\/ceambiental.com\/index.php\/wp-json\/wp\/v2\/pages\/964","targetHints":{"allow":["GET"]}}],"collection":[{"href":"https:\/\/ceambiental.com\/index.php\/wp-json\/wp\/v2\/pages"}],"about":[{"href":"https:\/\/ceambiental.com\/index.php\/wp-json\/wp\/v2\/types\/page"}],"author":[{"embeddable":true,"href":"https:\/\/ceambiental.com\/index.php\/wp-json\/wp\/v2\/users\/1"}],"replies":[{"embeddable":true,"href":"https:\/\/ceambiental.com\/index.php\/wp-json\/wp\/v2\/comments?post=964"}],"version-history":[{"count":29,"href":"https:\/\/ceambiental.com\/index.php\/wp-json\/wp\/v2\/pages\/964\/revisions"}],"predecessor-version":[{"id":1337,"href":"https:\/\/ceambiental.com\/index.php\/wp-json\/wp\/v2\/pages\/964\/revisions\/1337"}],"wp:attachment":[{"href":"https:\/\/ceambiental.com\/index.php\/wp-json\/wp\/v2\/media?parent=964"}],"curies":[{"name":"wp","href":"https:\/\/api.w.org\/{rel}","templated":true}]}}