{"id":961,"date":"2021-05-30T18:04:48","date_gmt":"2021-05-30T18:04:48","guid":{"rendered":"http:\/\/ceambiental.com\/?page_id=961"},"modified":"2021-06-26T19:42:44","modified_gmt":"2021-06-26T19:42:44","slug":"medio-ambiente","status":"publish","type":"page","link":"https:\/\/ceambiental.com\/index.php\/medio-ambiente\/","title":{"rendered":"Medio Ambiente"},"content":{"rendered":"\t\t<div data-elementor-type=\"wp-page\" data-elementor-id=\"961\" class=\"elementor elementor-961\" data-elementor-settings=\"[]\">\n\t\t\t\t\t\t<div class=\"elementor-inner\">\n\t\t\t\t\t\t\t<div class=\"elementor-section-wrap\">\n\t\t\t\t\t\t\t<section class=\"elementor-section elementor-top-section elementor-element elementor-element-f3da3ed elementor-section-boxed elementor-section-height-default elementor-section-height-default\" data-id=\"f3da3ed\" data-element_type=\"section\">\n\t\t\t\t\t\t<div class=\"elementor-container elementor-column-gap-default\">\n\t\t\t\t\t\t\t<div class=\"elementor-row\">\n\t\t\t\t\t<div class=\"elementor-column elementor-col-100 elementor-top-column elementor-element elementor-element-c394aed\" data-id=\"c394aed\" data-element_type=\"column\">\n\t\t\t<div class=\"elementor-column-wrap elementor-element-populated\">\n\t\t\t\t\t\t\t<div class=\"elementor-widget-wrap\">\n\t\t\t\t\t\t<div class=\"elementor-element elementor-element-a371e56 elementor-widget elementor-widget-heading\" data-id=\"a371e56\" data-element_type=\"widget\" data-widget_type=\"heading.default\">\n\t\t\t\t<div class=\"elementor-widget-container\">\n\t\t\t<h4 class=\"elementor-heading-title elementor-size-default\">MEDIO AMBIENTE<\/h4>\t\t<\/div>\n\t\t\t\t<\/div>\n\t\t\t\t\t\t<\/div>\n\t\t\t\t\t<\/div>\n\t\t<\/div>\n\t\t\t\t\t\t\t\t<\/div>\n\t\t\t\t\t<\/div>\n\t\t<\/section>\n\t\t\t\t<section class=\"elementor-section elementor-top-section elementor-element elementor-element-7f1f6893 elementor-section-content-middle elementor-section-boxed elementor-section-height-default elementor-section-height-default\" data-id=\"7f1f6893\" data-element_type=\"section\">\n\t\t\t\t\t\t<div class=\"elementor-container elementor-column-gap-no\">\n\t\t\t\t\t\t\t<div class=\"elementor-row\">\n\t\t\t\t\t<div class=\"elementor-column elementor-col-50 elementor-top-column elementor-element elementor-element-40ae10ac\" data-id=\"40ae10ac\" data-element_type=\"column\">\n\t\t\t<div class=\"elementor-column-wrap elementor-element-populated\">\n\t\t\t\t\t\t\t<div class=\"elementor-widget-wrap\">\n\t\t\t\t\t\t<div class=\"elementor-element elementor-element-1a80bcf elementor-widget elementor-widget-image\" data-id=\"1a80bcf\" data-element_type=\"widget\" data-widget_type=\"image.default\">\n\t\t\t\t<div class=\"elementor-widget-container\">\n\t\t\t\t\t<div class=\"elementor-image\">\n\t\t\t\t\t\t\t\t\t\t<img loading=\"lazy\" decoding=\"async\" width=\"640\" height=\"427\" src=\"https:\/\/ceambiental.com\/wp-content\/uploads\/2021\/06\/chris-leboutillier-TUJud0AWAPI-unsplash.jpg\" class=\"attachment-full size-full\" alt=\"\" srcset=\"https:\/\/ceambiental.com\/wp-content\/uploads\/2021\/06\/chris-leboutillier-TUJud0AWAPI-unsplash.jpg 640w, https:\/\/ceambiental.com\/wp-content\/uploads\/2021\/06\/chris-leboutillier-TUJud0AWAPI-unsplash-300x200.jpg 300w\" sizes=\"auto, (max-width: 640px) 100vw, 640px\" \/>\t\t\t\t\t\t\t\t\t\t\t<\/div>\n\t\t\t\t<\/div>\n\t\t\t\t<\/div>\n\t\t\t\t\t\t<\/div>\n\t\t\t\t\t<\/div>\n\t\t<\/div>\n\t\t\t\t<div class=\"elementor-column elementor-col-50 elementor-top-column elementor-element elementor-element-1e02376f\" data-id=\"1e02376f\" data-element_type=\"column\">\n\t\t\t<div class=\"elementor-column-wrap elementor-element-populated\">\n\t\t\t\t\t\t\t<div class=\"elementor-widget-wrap\">\n\t\t\t\t\t\t<div class=\"elementor-element elementor-element-54abb67b elementor-widget elementor-widget-text-editor\" data-id=\"54abb67b\" data-element_type=\"widget\" data-widget_type=\"text-editor.default\">\n\t\t\t\t<div class=\"elementor-widget-container\">\n\t\t\t\t\t<div class=\"elementor-text-editor elementor-clearfix\"><ul><li><div><strong>Legislaci\u00f3n ambiental<span style=\"font-size: 16px;\">\u00a0<\/span><\/strong><\/div><\/li><li><div><strong>Gesti\u00f3n de residuos<\/strong><\/div><\/li><li><div><strong><span style=\"font-size: 16px;\">Econom\u00eda ambiental<\/span><\/strong><\/div><\/li><li><div><strong>Gesti\u00f3n y desarrollo de proyectos ambientales<\/strong><\/div><\/li><li><div><strong>Auditor\u00eda ambiental<\/strong><\/div><\/li><li><div><strong>Prevenci\u00f3n de la contaminaci\u00f3n al aire<\/strong><\/div><\/li><li><div><strong>Prevenci\u00f3n de la contaminaci\u00f3n al agua<\/strong><\/div><\/li><li><div><strong>Prevenci\u00f3n de la contaminaci\u00f3n al suelo<\/strong><\/div><\/li><li><div><strong>Prevenci\u00f3n de la contaminaci\u00f3n por ruido<\/strong><\/div><\/li><\/ul><\/div>\n\t\t\t\t<\/div>\n\t\t\t\t<\/div>\n\t\t\t\t\t\t<\/div>\n\t\t\t\t\t<\/div>\n\t\t<\/div>\n\t\t\t\t\t\t\t\t<\/div>\n\t\t\t\t\t<\/div>\n\t\t<\/section>\n\t\t\t\t<section class=\"elementor-section elementor-top-section elementor-element elementor-element-5ff3ea79 elementor-section-content-middle elementor-reverse-mobile elementor-section-boxed elementor-section-height-default elementor-section-height-default\" data-id=\"5ff3ea79\" data-element_type=\"section\">\n\t\t\t\t\t\t<div class=\"elementor-container elementor-column-gap-no\">\n\t\t\t\t\t\t\t<div class=\"elementor-row\">\n\t\t\t\t\t<div class=\"elementor-column elementor-col-50 elementor-top-column elementor-element elementor-element-61917750\" data-id=\"61917750\" data-element_type=\"column\">\n\t\t\t<div class=\"elementor-column-wrap elementor-element-populated\">\n\t\t\t\t\t\t\t<div class=\"elementor-widget-wrap\">\n\t\t\t\t\t\t<div class=\"elementor-element elementor-element-843129f elementor-widget elementor-widget-text-editor\" data-id=\"843129f\" data-element_type=\"widget\" data-widget_type=\"text-editor.default\">\n\t\t\t\t<div class=\"elementor-widget-container\">\n\t\t\t\t\t<div class=\"elementor-text-editor elementor-clearfix\"><ul><li><strong>Prevenci\u00f3n de la contaminaci\u00f3n por residuos peligrosos<\/strong><\/li><li><strong>Prevenci\u00f3n de la contaminaci\u00f3n por residuos de manejo especial<\/strong><\/li><li><strong>Prevenci\u00f3n de la contaminaci\u00f3n por residuos s\u00f3lidos urbanos<\/strong><\/li><li><strong>Manejo integral de residuos<\/strong><\/li><li><strong>Impacto ambiental<\/strong><\/li><li><strong>Riesgo ambiental<\/strong><\/li><li><strong>Programa de prevencion de accidentes<\/strong><\/li><li><strong>Aspectos ambientales y su significancia<\/strong><\/li><li><strong>Medio ambiente<\/strong><\/li><li><strong>Seguridad, higiene y medio ambiente<\/strong><\/li><\/ul><\/div>\n\t\t\t\t<\/div>\n\t\t\t\t<\/div>\n\t\t\t\t\t\t<\/div>\n\t\t\t\t\t<\/div>\n\t\t<\/div>\n\t\t\t\t<div class=\"elementor-column elementor-col-50 elementor-top-column elementor-element elementor-element-41fd9509\" data-id=\"41fd9509\" data-element_type=\"column\">\n\t\t\t<div class=\"elementor-column-wrap elementor-element-populated\">\n\t\t\t\t\t\t\t<div class=\"elementor-widget-wrap\">\n\t\t\t\t\t\t<div class=\"elementor-element elementor-element-5def9a5a elementor-widget elementor-widget-image\" data-id=\"5def9a5a\" data-element_type=\"widget\" data-widget_type=\"image.default\">\n\t\t\t\t<div class=\"elementor-widget-container\">\n\t\t\t\t\t<div class=\"elementor-image\">\n\t\t\t\t\t\t\t\t\t\t<img loading=\"lazy\" decoding=\"async\" width=\"640\" height=\"480\" src=\"https:\/\/ceambiental.com\/wp-content\/uploads\/2021\/06\/john-cameron-FMrZLPdDyx4-unsplash.jpg\" class=\"attachment-full size-full\" alt=\"\" srcset=\"https:\/\/ceambiental.com\/wp-content\/uploads\/2021\/06\/john-cameron-FMrZLPdDyx4-unsplash.jpg 640w, https:\/\/ceambiental.com\/wp-content\/uploads\/2021\/06\/john-cameron-FMrZLPdDyx4-unsplash-300x225.jpg 300w\" sizes=\"auto, (max-width: 640px) 100vw, 640px\" \/>\t\t\t\t\t\t\t\t\t\t\t<\/div>\n\t\t\t\t<\/div>\n\t\t\t\t<\/div>\n\t\t\t\t\t\t<\/div>\n\t\t\t\t\t<\/div>\n\t\t<\/div>\n\t\t\t\t\t\t\t\t<\/div>\n\t\t\t\t\t<\/div>\n\t\t<\/section>\n\t\t\t\t\t\t<\/div>\n\t\t\t\t\t\t<\/div>\n\t\t\t\t\t<\/div>\n\t\t","protected":false},"excerpt":{"rendered":"<p>MEDIO AMBIENTE Legislaci\u00f3n ambiental\u00a0 Gesti\u00f3n de residuos Econom\u00eda ambiental Gesti\u00f3n y desarrollo de proyectos ambientales Auditor\u00eda ambiental Prevenci\u00f3n de la &hellip;<\/p>\n<p class=\"read-more\"> <a class=\"\" href=\"https:\/\/ceambiental.com\/index.php\/medio-ambiente\/\"> <span class=\"screen-reader-text\">Medio Ambiente<\/span> Read More &raquo;<\/a><\/p>\n","protected":false},"author":1,"featured_media":0,"parent":0,"menu_order":0,"comment_status":"closed","ping_status":"closed","template":"","meta":{"footnotes":""},"class_list":["post-961","page","type-page","status-publish","hentry"],"_links":{"self":[{"href":"https:\/\/ceambiental.com\/index.php\/wp-json\/wp\/v2\/pages\/961","targetHints":{"allow":["GET"]}}],"collection":[{"href":"https:\/\/ceambiental.com\/index.php\/wp-json\/wp\/v2\/pages"}],"about":[{"href":"https:\/\/ceambiental.com\/index.php\/wp-json\/wp\/v2\/types\/page"}],"author":[{"embeddable":true,"href":"https:\/\/ceambiental.com\/index.php\/wp-json\/wp\/v2\/users\/1"}],"replies":[{"embeddable":true,"href":"https:\/\/ceambiental.com\/index.php\/wp-json\/wp\/v2\/comments?post=961"}],"version-history":[{"count":32,"href":"https:\/\/ceambiental.com\/index.php\/wp-json\/wp\/v2\/pages\/961\/revisions"}],"predecessor-version":[{"id":1333,"href":"https:\/\/ceambiental.com\/index.php\/wp-json\/wp\/v2\/pages\/961\/revisions\/1333"}],"wp:attachment":[{"href":"https:\/\/ceambiental.com\/index.php\/wp-json\/wp\/v2\/media?parent=961"}],"curies":[{"name":"wp","href":"https:\/\/api.w.org\/{rel}","templated":true}]}}