{"id":955,"date":"2021-05-30T17:59:52","date_gmt":"2021-05-30T17:59:52","guid":{"rendered":"http:\/\/ceambiental.com\/?page_id=955"},"modified":"2021-06-26T19:44:44","modified_gmt":"2021-06-26T19:44:44","slug":"seguridad-e-higiene","status":"publish","type":"page","link":"https:\/\/ceambiental.com\/index.php\/seguridad-e-higiene\/","title":{"rendered":"Seguridad e Higiene"},"content":{"rendered":"\t\t<div data-elementor-type=\"wp-page\" data-elementor-id=\"955\" class=\"elementor elementor-955\" data-elementor-settings=\"[]\">\n\t\t\t\t\t\t<div class=\"elementor-inner\">\n\t\t\t\t\t\t\t<div class=\"elementor-section-wrap\">\n\t\t\t\t\t\t\t<section class=\"elementor-section elementor-top-section elementor-element elementor-element-7735844 elementor-section-boxed elementor-section-height-default elementor-section-height-default\" data-id=\"7735844\" data-element_type=\"section\">\n\t\t\t\t\t\t<div class=\"elementor-container elementor-column-gap-default\">\n\t\t\t\t\t\t\t<div class=\"elementor-row\">\n\t\t\t\t\t<div class=\"elementor-column elementor-col-100 elementor-top-column elementor-element elementor-element-15fa432\" data-id=\"15fa432\" data-element_type=\"column\">\n\t\t\t<div class=\"elementor-column-wrap elementor-element-populated\">\n\t\t\t\t\t\t\t<div class=\"elementor-widget-wrap\">\n\t\t\t\t\t\t<div class=\"elementor-element elementor-element-c259402 elementor-widget elementor-widget-heading\" data-id=\"c259402\" data-element_type=\"widget\" data-widget_type=\"heading.default\">\n\t\t\t\t<div class=\"elementor-widget-container\">\n\t\t\t<h4 class=\"elementor-heading-title elementor-size-default\">SEGURIDAD E HIGIENE<\/h4>\t\t<\/div>\n\t\t\t\t<\/div>\n\t\t\t\t\t\t<\/div>\n\t\t\t\t\t<\/div>\n\t\t<\/div>\n\t\t\t\t\t\t\t\t<\/div>\n\t\t\t\t\t<\/div>\n\t\t<\/section>\n\t\t\t\t<section class=\"elementor-section elementor-top-section elementor-element elementor-element-4b6bca09 elementor-section-content-middle elementor-reverse-mobile elementor-section-boxed elementor-section-height-default elementor-section-height-default\" data-id=\"4b6bca09\" data-element_type=\"section\">\n\t\t\t\t\t\t<div class=\"elementor-container elementor-column-gap-no\">\n\t\t\t\t\t\t\t<div class=\"elementor-row\">\n\t\t\t\t\t<div class=\"elementor-column elementor-col-50 elementor-top-column elementor-element elementor-element-21ac02f1\" data-id=\"21ac02f1\" data-element_type=\"column\">\n\t\t\t<div class=\"elementor-column-wrap elementor-element-populated\">\n\t\t\t\t\t\t\t<div class=\"elementor-widget-wrap\">\n\t\t\t\t\t\t<div class=\"elementor-element elementor-element-64438473 elementor-widget elementor-widget-text-editor\" data-id=\"64438473\" data-element_type=\"widget\" data-widget_type=\"text-editor.default\">\n\t\t\t\t<div class=\"elementor-widget-container\">\n\t\t\t\t\t<div class=\"elementor-text-editor elementor-clearfix\"><ul><li><strong>Edificios, locales, instalaciones y \u00e1reas en los centros de trabajo-condiciones de seguridad<\/strong><\/li><li><strong>Prevenci\u00f3n y protecci\u00f3n contra incendios en los centros de trabajo<\/strong><\/li><li><strong>Sistemas de protecci\u00f3n y dispositivos de seguridad en la maquinaria y equipo que se utilice en los centros de trabajo<\/strong><\/li><li><strong>Manejo, transporte y almacenamiento de sustancias qu\u00edmicas peligrosas<\/strong><\/li><\/ul><\/div>\n\t\t\t\t<\/div>\n\t\t\t\t<\/div>\n\t\t\t\t\t\t<\/div>\n\t\t\t\t\t<\/div>\n\t\t<\/div>\n\t\t\t\t<div class=\"elementor-column elementor-col-50 elementor-top-column elementor-element elementor-element-6f16ce24\" data-id=\"6f16ce24\" data-element_type=\"column\">\n\t\t\t<div class=\"elementor-column-wrap elementor-element-populated\">\n\t\t\t\t\t\t\t<div class=\"elementor-widget-wrap\">\n\t\t\t\t\t\t<div class=\"elementor-element elementor-element-43fd303 elementor-widget elementor-widget-image\" data-id=\"43fd303\" data-element_type=\"widget\" data-widget_type=\"image.default\">\n\t\t\t\t<div class=\"elementor-widget-container\">\n\t\t\t\t\t<div class=\"elementor-image\">\n\t\t\t\t\t\t\t\t\t\t<img loading=\"lazy\" decoding=\"async\" width=\"640\" height=\"389\" src=\"https:\/\/ceambiental.com\/wp-content\/uploads\/2021\/06\/pop-zebra-wp81DxKUd1E-unsplash-2.jpg\" class=\"attachment-full size-full\" alt=\"\" srcset=\"https:\/\/ceambiental.com\/wp-content\/uploads\/2021\/06\/pop-zebra-wp81DxKUd1E-unsplash-2.jpg 640w, https:\/\/ceambiental.com\/wp-content\/uploads\/2021\/06\/pop-zebra-wp81DxKUd1E-unsplash-2-300x182.jpg 300w\" sizes=\"auto, (max-width: 640px) 100vw, 640px\" \/>\t\t\t\t\t\t\t\t\t\t\t<\/div>\n\t\t\t\t<\/div>\n\t\t\t\t<\/div>\n\t\t\t\t\t\t<\/div>\n\t\t\t\t\t<\/div>\n\t\t<\/div>\n\t\t\t\t\t\t\t\t<\/div>\n\t\t\t\t\t<\/div>\n\t\t<\/section>\n\t\t\t\t<section class=\"elementor-section elementor-top-section elementor-element elementor-element-314dc3bd elementor-section-content-middle elementor-section-boxed elementor-section-height-default elementor-section-height-default\" data-id=\"314dc3bd\" data-element_type=\"section\">\n\t\t\t\t\t\t<div class=\"elementor-container elementor-column-gap-no\">\n\t\t\t\t\t\t\t<div class=\"elementor-row\">\n\t\t\t\t\t<div class=\"elementor-column elementor-col-50 elementor-top-column elementor-element elementor-element-14a3c2fb\" data-id=\"14a3c2fb\" data-element_type=\"column\">\n\t\t\t<div class=\"elementor-column-wrap elementor-element-populated\">\n\t\t\t\t\t\t\t<div class=\"elementor-widget-wrap\">\n\t\t\t\t\t\t<div class=\"elementor-element elementor-element-4c032886 elementor-widget elementor-widget-image\" data-id=\"4c032886\" data-element_type=\"widget\" data-widget_type=\"image.default\">\n\t\t\t\t<div class=\"elementor-widget-container\">\n\t\t\t\t\t<div class=\"elementor-image\">\n\t\t\t\t\t\t\t\t\t\t<img loading=\"lazy\" decoding=\"async\" width=\"640\" height=\"480\" src=\"https:\/\/ceambiental.com\/wp-content\/uploads\/2021\/06\/kemal-kozbaev-LgLqmEZy0Mo-unsplash-4.jpg\" class=\"attachment-full size-full\" alt=\"\" srcset=\"https:\/\/ceambiental.com\/wp-content\/uploads\/2021\/06\/kemal-kozbaev-LgLqmEZy0Mo-unsplash-4.jpg 640w, https:\/\/ceambiental.com\/wp-content\/uploads\/2021\/06\/kemal-kozbaev-LgLqmEZy0Mo-unsplash-4-300x225.jpg 300w\" sizes=\"auto, (max-width: 640px) 100vw, 640px\" \/>\t\t\t\t\t\t\t\t\t\t\t<\/div>\n\t\t\t\t<\/div>\n\t\t\t\t<\/div>\n\t\t\t\t\t\t<\/div>\n\t\t\t\t\t<\/div>\n\t\t<\/div>\n\t\t\t\t<div class=\"elementor-column elementor-col-50 elementor-top-column elementor-element elementor-element-3998710a\" data-id=\"3998710a\" data-element_type=\"column\">\n\t\t\t<div class=\"elementor-column-wrap elementor-element-populated\">\n\t\t\t\t\t\t\t<div class=\"elementor-widget-wrap\">\n\t\t\t\t\t\t<div class=\"elementor-element elementor-element-352dc936 elementor-widget elementor-widget-text-editor\" data-id=\"352dc936\" data-element_type=\"widget\" data-widget_type=\"text-editor.default\">\n\t\t\t\t<div class=\"elementor-widget-container\">\n\t\t\t\t\t<div class=\"elementor-text-editor elementor-clearfix\"><ul><li><strong>Manejo y almacenamiento de materiales, condiciones de seguridad y salud en el trabajo<\/strong><\/li><li><strong>Condiciones de seguridad para realizar trabajos en altura<\/strong><\/li><li><strong>Recipientes sujetos a presi\u00f3n, recipientes criog\u00e9nicos y generadores de vapor o calderas- funcionamiento-condiciones de seguridad<\/strong><\/li><li><strong>Electricidad est\u00e1tica en los centros de trabajo<\/strong><\/li><li><strong>Condiciones de seguridad, actividades de soldadura y corte condiciones de seguridad e higiene<\/strong><\/li><li><strong>Mantenimiento de las instalaciones electricas en los centros de trabajo-condicones de seguridad<\/strong><\/li><\/ul><\/div>\n\t\t\t\t<\/div>\n\t\t\t\t<\/div>\n\t\t\t\t\t\t<\/div>\n\t\t\t\t\t<\/div>\n\t\t<\/div>\n\t\t\t\t\t\t\t\t<\/div>\n\t\t\t\t\t<\/div>\n\t\t<\/section>\n\t\t\t\t<section class=\"elementor-section elementor-top-section elementor-element elementor-element-55d0bd4e elementor-section-content-middle elementor-reverse-mobile elementor-section-boxed elementor-section-height-default elementor-section-height-default\" data-id=\"55d0bd4e\" data-element_type=\"section\">\n\t\t\t\t\t\t<div class=\"elementor-container elementor-column-gap-no\">\n\t\t\t\t\t\t\t<div class=\"elementor-row\">\n\t\t\t\t\t<div class=\"elementor-column elementor-col-50 elementor-top-column elementor-element elementor-element-79767731\" data-id=\"79767731\" data-element_type=\"column\">\n\t\t\t<div class=\"elementor-column-wrap elementor-element-populated\">\n\t\t\t\t\t\t\t<div class=\"elementor-widget-wrap\">\n\t\t\t\t\t\t<div class=\"elementor-element elementor-element-5fb16e6a elementor-widget elementor-widget-text-editor\" data-id=\"5fb16e6a\" data-element_type=\"widget\" data-widget_type=\"text-editor.default\">\n\t\t\t\t<div class=\"elementor-widget-container\">\n\t\t\t\t\t<div class=\"elementor-text-editor elementor-clearfix\"><ul><li><p><strong>Condiciones de seguridad para realizar trabajos en espacios confinados<\/strong><\/p><\/li><li><p><strong>Condiciones de seguridad para el acceso y desarrollo de actividades de los trabajadores con discapacidad en los centros de trabajo<\/strong><\/p><\/li><li><p><strong>Agentes qu\u00edmicos contaminantes del ambiente laboral-reconocimiento, evaluacion y control.<\/strong><\/p><\/li><li><p><strong>Condiciones de seguridad e higiene en los centros de trabajo donde se manejen fuentes de radiaci\u00f3n ionizante<\/strong><\/p><\/li><\/ul><\/div>\n\t\t\t\t<\/div>\n\t\t\t\t<\/div>\n\t\t\t\t\t\t<\/div>\n\t\t\t\t\t<\/div>\n\t\t<\/div>\n\t\t\t\t<div class=\"elementor-column elementor-col-50 elementor-top-column elementor-element elementor-element-148c6b9c\" data-id=\"148c6b9c\" data-element_type=\"column\">\n\t\t\t<div class=\"elementor-column-wrap elementor-element-populated\">\n\t\t\t\t\t\t\t<div class=\"elementor-widget-wrap\">\n\t\t\t\t\t\t<div class=\"elementor-element elementor-element-7c2954bd elementor-widget elementor-widget-image\" data-id=\"7c2954bd\" data-element_type=\"widget\" data-widget_type=\"image.default\">\n\t\t\t\t<div class=\"elementor-widget-container\">\n\t\t\t\t\t<div class=\"elementor-image\">\n\t\t\t\t\t\t\t\t\t\t<img loading=\"lazy\" decoding=\"async\" width=\"640\" height=\"427\" src=\"https:\/\/ceambiental.com\/wp-content\/uploads\/2021\/06\/shubham-verma-Tlyteh1470o-unsplash.jpg\" class=\"attachment-full size-full\" alt=\"\" srcset=\"https:\/\/ceambiental.com\/wp-content\/uploads\/2021\/06\/shubham-verma-Tlyteh1470o-unsplash.jpg 640w, https:\/\/ceambiental.com\/wp-content\/uploads\/2021\/06\/shubham-verma-Tlyteh1470o-unsplash-300x200.jpg 300w\" sizes=\"auto, (max-width: 640px) 100vw, 640px\" \/>\t\t\t\t\t\t\t\t\t\t\t<\/div>\n\t\t\t\t<\/div>\n\t\t\t\t<\/div>\n\t\t\t\t\t\t<\/div>\n\t\t\t\t\t<\/div>\n\t\t<\/div>\n\t\t\t\t\t\t\t\t<\/div>\n\t\t\t\t\t<\/div>\n\t\t<\/section>\n\t\t\t\t<section class=\"elementor-section elementor-top-section elementor-element elementor-element-4bae72f9 elementor-section-content-middle elementor-section-boxed elementor-section-height-default elementor-section-height-default\" data-id=\"4bae72f9\" data-element_type=\"section\">\n\t\t\t\t\t\t<div class=\"elementor-container elementor-column-gap-no\">\n\t\t\t\t\t\t\t<div class=\"elementor-row\">\n\t\t\t\t\t<div class=\"elementor-column elementor-col-50 elementor-top-column elementor-element elementor-element-3e8dee8e\" data-id=\"3e8dee8e\" data-element_type=\"column\">\n\t\t\t<div class=\"elementor-column-wrap elementor-element-populated\">\n\t\t\t\t\t\t\t<div class=\"elementor-widget-wrap\">\n\t\t\t\t\t\t<div class=\"elementor-element elementor-element-4d1dbbca elementor-widget elementor-widget-image\" data-id=\"4d1dbbca\" data-element_type=\"widget\" data-widget_type=\"image.default\">\n\t\t\t\t<div class=\"elementor-widget-container\">\n\t\t\t\t\t<div class=\"elementor-image\">\n\t\t\t\t\t\t\t\t\t\t<img loading=\"lazy\" decoding=\"async\" width=\"640\" height=\"466\" src=\"https:\/\/ceambiental.com\/wp-content\/uploads\/2021\/06\/josue-isai-ramos-figueroa-qvBYnMuNJ9A-unsplash.jpg\" class=\"attachment-full size-full\" alt=\"\" srcset=\"https:\/\/ceambiental.com\/wp-content\/uploads\/2021\/06\/josue-isai-ramos-figueroa-qvBYnMuNJ9A-unsplash.jpg 640w, https:\/\/ceambiental.com\/wp-content\/uploads\/2021\/06\/josue-isai-ramos-figueroa-qvBYnMuNJ9A-unsplash-300x218.jpg 300w\" sizes=\"auto, (max-width: 640px) 100vw, 640px\" \/>\t\t\t\t\t\t\t\t\t\t\t<\/div>\n\t\t\t\t<\/div>\n\t\t\t\t<\/div>\n\t\t\t\t\t\t<\/div>\n\t\t\t\t\t<\/div>\n\t\t<\/div>\n\t\t\t\t<div class=\"elementor-column elementor-col-50 elementor-top-column elementor-element elementor-element-35ea045f\" data-id=\"35ea045f\" data-element_type=\"column\">\n\t\t\t<div class=\"elementor-column-wrap elementor-element-populated\">\n\t\t\t\t\t\t\t<div class=\"elementor-widget-wrap\">\n\t\t\t\t\t\t<div class=\"elementor-element elementor-element-5735891b elementor-widget elementor-widget-text-editor\" data-id=\"5735891b\" data-element_type=\"widget\" data-widget_type=\"text-editor.default\">\n\t\t\t\t<div class=\"elementor-widget-container\">\n\t\t\t\t\t<div class=\"elementor-text-editor elementor-clearfix\"><ul><li><strong>Relativa a las condiciones de seguridad e higiene en los centros de trabajo donde se generan radiaciones electromagneticas no ionizantes<\/strong><\/li><li><strong>Exposici\u00f3n laboral a presiones ambientales anormales-condiciones de seguirdad e higiene<\/strong><\/li><li><strong>Vibraciones-condiciones de seguridad e higiene en los centros de trabajo<\/strong><\/li><li><strong>Condiciones de iluminaci\u00f3n en los centros de trabajo<\/strong><\/li><li><strong>Factores de riesgo ergon\u00f3mico en el trabajo- identificaci\u00f3n, an\u00e1lisis, prevenci\u00f3n y control. Parte 1 manejo manual de cargas<\/strong><\/li><li><strong>Equipo de protecci\u00f3n personal-selecci\u00f3n, uso y manejo en los centros de trabajo<\/strong><\/li><\/ul><\/div>\n\t\t\t\t<\/div>\n\t\t\t\t<\/div>\n\t\t\t\t\t\t<\/div>\n\t\t\t\t\t<\/div>\n\t\t<\/div>\n\t\t\t\t\t\t\t\t<\/div>\n\t\t\t\t\t<\/div>\n\t\t<\/section>\n\t\t\t\t<section class=\"elementor-section elementor-top-section elementor-element elementor-element-78845429 elementor-section-content-middle elementor-reverse-mobile elementor-section-boxed elementor-section-height-default elementor-section-height-default\" data-id=\"78845429\" data-element_type=\"section\">\n\t\t\t\t\t\t<div class=\"elementor-container elementor-column-gap-no\">\n\t\t\t\t\t\t\t<div class=\"elementor-row\">\n\t\t\t\t\t<div class=\"elementor-column elementor-col-50 elementor-top-column elementor-element elementor-element-159465d1\" data-id=\"159465d1\" data-element_type=\"column\">\n\t\t\t<div class=\"elementor-column-wrap elementor-element-populated\">\n\t\t\t\t\t\t\t<div class=\"elementor-widget-wrap\">\n\t\t\t\t\t\t<div class=\"elementor-element elementor-element-31bd60a3 elementor-widget elementor-widget-text-editor\" data-id=\"31bd60a3\" data-element_type=\"widget\" data-widget_type=\"text-editor.default\">\n\t\t\t\t<div class=\"elementor-widget-container\">\n\t\t\t\t\t<div class=\"elementor-text-editor elementor-clearfix\"><ul><li><strong>Sistema armonizado para identificaci\u00f3n y comunicaci\u00f3n de peligros y riesgos por sustancias qu\u00edmicas peligrosas en los centros de trabajo<\/strong><\/li><li><strong>Constituci\u00f3n, organizaci\u00f3n y funcionamiento de las comisiones de seguridad e higiene en los centros de trabajo<\/strong><\/li><li><strong>Colores y sen\u0303ales de seguridad e higiene e identificaci\u00f3n de riesgos por fluidos conducidos en tuberias<\/strong><\/li><li><strong>Sistema para la administraci\u00f3n del trabajo- seguridad en los procesos y quipos criticos que manejen sustancias qu\u00edmicas peligrosas<\/strong><\/li><li><strong>Servicios preventivos de seguridad y salud en el trabajo-funciones y actividades<\/strong><\/li><li><strong>Ley federal del trabajo<\/strong><\/li><li><strong>Reglamento de seguridad y salud en el trabajo<\/strong><\/li><li><strong>Salud ocupacional<\/strong><\/li><\/ul><\/div>\n\t\t\t\t<\/div>\n\t\t\t\t<\/div>\n\t\t\t\t\t\t<\/div>\n\t\t\t\t\t<\/div>\n\t\t<\/div>\n\t\t\t\t<div class=\"elementor-column elementor-col-50 elementor-top-column elementor-element elementor-element-10c29ee3\" data-id=\"10c29ee3\" data-element_type=\"column\">\n\t\t\t<div class=\"elementor-column-wrap elementor-element-populated\">\n\t\t\t\t\t\t\t<div class=\"elementor-widget-wrap\">\n\t\t\t\t\t\t<div class=\"elementor-element elementor-element-2d4c8595 elementor-widget elementor-widget-image\" data-id=\"2d4c8595\" data-element_type=\"widget\" data-widget_type=\"image.default\">\n\t\t\t\t<div class=\"elementor-widget-container\">\n\t\t\t\t\t<div class=\"elementor-image\">\n\t\t\t\t\t\t\t\t\t\t<img loading=\"lazy\" decoding=\"async\" width=\"640\" height=\"427\" src=\"https:\/\/ceambiental.com\/wp-content\/uploads\/2021\/06\/daniel-mensah-boafo-CPlVvVibKhA-unsplash.jpg\" class=\"attachment-full size-full\" alt=\"\" srcset=\"https:\/\/ceambiental.com\/wp-content\/uploads\/2021\/06\/daniel-mensah-boafo-CPlVvVibKhA-unsplash.jpg 640w, https:\/\/ceambiental.com\/wp-content\/uploads\/2021\/06\/daniel-mensah-boafo-CPlVvVibKhA-unsplash-300x200.jpg 300w\" sizes=\"auto, (max-width: 640px) 100vw, 640px\" \/>\t\t\t\t\t\t\t\t\t\t\t<\/div>\n\t\t\t\t<\/div>\n\t\t\t\t<\/div>\n\t\t\t\t\t\t<\/div>\n\t\t\t\t\t<\/div>\n\t\t<\/div>\n\t\t\t\t\t\t\t\t<\/div>\n\t\t\t\t\t<\/div>\n\t\t<\/section>\n\t\t\t\t\t\t<\/div>\n\t\t\t\t\t\t<\/div>\n\t\t\t\t\t<\/div>\n\t\t","protected":false},"excerpt":{"rendered":"<p>SEGURIDAD E HIGIENE Edificios, locales, instalaciones y \u00e1reas en los centros de trabajo-condiciones de seguridad Prevenci\u00f3n y protecci\u00f3n contra incendios &hellip;<\/p>\n<p class=\"read-more\"> <a class=\"\" href=\"https:\/\/ceambiental.com\/index.php\/seguridad-e-higiene\/\"> <span class=\"screen-reader-text\">Seguridad e Higiene<\/span> Read More &raquo;<\/a><\/p>\n","protected":false},"author":1,"featured_media":0,"parent":0,"menu_order":0,"comment_status":"closed","ping_status":"closed","template":"","meta":{"footnotes":""},"class_list":["post-955","page","type-page","status-publish","hentry"],"_links":{"self":[{"href":"https:\/\/ceambiental.com\/index.php\/wp-json\/wp\/v2\/pages\/955","targetHints":{"allow":["GET"]}}],"collection":[{"href":"https:\/\/ceambiental.com\/index.php\/wp-json\/wp\/v2\/pages"}],"about":[{"href":"https:\/\/ceambiental.com\/index.php\/wp-json\/wp\/v2\/types\/page"}],"author":[{"embeddable":true,"href":"https:\/\/ceambiental.com\/index.php\/wp-json\/wp\/v2\/users\/1"}],"replies":[{"embeddable":true,"href":"https:\/\/ceambiental.com\/index.php\/wp-json\/wp\/v2\/comments?post=955"}],"version-history":[{"count":46,"href":"https:\/\/ceambiental.com\/index.php\/wp-json\/wp\/v2\/pages\/955\/revisions"}],"predecessor-version":[{"id":1340,"href":"https:\/\/ceambiental.com\/index.php\/wp-json\/wp\/v2\/pages\/955\/revisions\/1340"}],"wp:attachment":[{"href":"https:\/\/ceambiental.com\/index.php\/wp-json\/wp\/v2\/media?parent=955"}],"curies":[{"name":"wp","href":"https:\/\/api.w.org\/{rel}","templated":true}]}}